{"id":744,"date":"2025-04-25T13:16:11","date_gmt":"2025-04-25T10:16:11","guid":{"rendered":"https:\/\/efactuurhub.be\/?page_id=744"},"modified":"2026-01-19T13:49:59","modified_gmt":"2026-01-19T10:49:59","slug":"prix","status":"publish","type":"page","link":"https:\/\/efacturezen.fr\/en\/prix\/","title":{"rendered":"Pricing"},"content":{"rendered":"\n<div style=\"height:36px\" aria-hidden=\"true\" class=\"wp-block-spacer\"><\/div>\n\n\n<style>.kb-row-layout-wrap.wp-block-kadence-rowlayout.kb-row-layout-id744_51c64a-2e{margin-top:0px;margin-bottom:0px;}.kb-row-layout-id744_51c64a-2e > .kt-row-column-wrap{align-content:start;}:where(.kb-row-layout-id744_51c64a-2e > .kt-row-column-wrap) > .wp-block-kadence-column{justify-content:start;}.kb-row-layout-id744_51c64a-2e > .kt-row-column-wrap{column-gap:var(--global-kb-gap-md, 2rem);row-gap:var(--global-kb-gap-none, 0rem );max-width:550px;margin-left:auto;margin-right:auto;padding-top:0px;padding-right:0px;padding-bottom:var(--global-kb-spacing-lg, 3rem);padding-left:0px;grid-template-columns:minmax(0, 1fr);}.kb-row-layout-id744_51c64a-2e > .kt-row-layout-overlay{opacity:0.30;}@media all and (max-width: 1024px){.kb-row-layout-id744_51c64a-2e > .kt-row-column-wrap{padding-top:0px;padding-right:0px;padding-bottom:0px;padding-left:0px;grid-template-columns:minmax(0, 1fr);}}@media all and (max-width: 767px){.kb-row-layout-id744_51c64a-2e > .kt-row-column-wrap{padding-right:0px;padding-left:0px;grid-template-columns:minmax(0, 1fr);}}<\/style><div class=\"kb-row-layout-wrap kb-row-layout-id744_51c64a-2e alignnone wp-block-kadence-rowlayout\"><div class=\"kt-row-column-wrap kt-has-1-columns kt-row-layout-equal kt-tab-layout-inherit kt-mobile-layout-row kt-row-valign-top\">\n<style>.kadence-column744_6294d7-2b > .kt-inside-inner-col{padding-top:var(--global-kb-spacing-lg, 3rem);padding-right:0px;padding-left:0px;}.kadence-column744_6294d7-2b > .kt-inside-inner-col,.kadence-column744_6294d7-2b > .kt-inside-inner-col:before{border-top-left-radius:0px;border-top-right-radius:0px;border-bottom-right-radius:0px;border-bottom-left-radius:0px;}.kadence-column744_6294d7-2b > .kt-inside-inner-col{column-gap:var(--global-kb-gap-sm, 1rem);}.kadence-column744_6294d7-2b > .kt-inside-inner-col{flex-direction:column;}.kadence-column744_6294d7-2b > .kt-inside-inner-col > .aligncenter{width:100%;}.kadence-column744_6294d7-2b > .kt-inside-inner-col:before{opacity:0.3;}.kadence-column744_6294d7-2b{position:relative;}.kadence-column744_6294d7-2b, .kt-inside-inner-col > .kadence-column744_6294d7-2b:not(.specificity){margin-right:0px;margin-left:0px;}@media all and (max-width: 1024px){.kadence-column744_6294d7-2b > .kt-inside-inner-col{display:flex;padding-top:0px;column-gap:var(--global-kb-gap-sm, 1rem);flex-direction:column;justify-content:center;align-items:center;}}@media all and (max-width: 1024px){.kadence-column744_6294d7-2b, .kt-inside-inner-col > .kadence-column744_6294d7-2b:not(.specificity){margin-right:0px;margin-left:0px;}}@media all and (max-width: 767px){.kadence-column744_6294d7-2b > .kt-inside-inner-col{flex-direction:column;justify-content:center;align-items:center;}}<\/style>\n<div class=\"wp-block-kadence-column kadence-column744_6294d7-2b kb-section-md-dir-vertical\"><div class=\"kt-inside-inner-col\"><style>.wp-block-kadence-advancedheading.kt-adv-heading744_a5f45e-78, .wp-block-kadence-advancedheading.kt-adv-heading744_a5f45e-78[data-kb-block=\"kb-adv-heading744_a5f45e-78\"]{margin-right:0px;margin-left:0px;text-align:left;font-size:28px;line-height:1.2;font-style:normal;color:var(--global-palette3, #1A202C);}.wp-block-kadence-advancedheading.kt-adv-heading744_a5f45e-78 mark.kt-highlight, .wp-block-kadence-advancedheading.kt-adv-heading744_a5f45e-78[data-kb-block=\"kb-adv-heading744_a5f45e-78\"] mark.kt-highlight{font-style:normal;color:#f76a0c;-webkit-box-decoration-break:clone;box-decoration-break:clone;padding-top:0px;padding-right:0px;padding-bottom:0px;padding-left:0px;}.wp-block-kadence-advancedheading.kt-adv-heading744_a5f45e-78 img.kb-inline-image, .wp-block-kadence-advancedheading.kt-adv-heading744_a5f45e-78[data-kb-block=\"kb-adv-heading744_a5f45e-78\"] img.kb-inline-image{width:150px;vertical-align:baseline;}<\/style>\n<h1 class=\"kt-adv-heading744_a5f45e-78 wp-block-kadence-advancedheading has-theme-palette-3-color has-text-color\" data-kb-block=\"kb-adv-heading744_a5f45e-78\"><strong><strong><strong>Choisissez la formule adapt\u00e9e \u00e0 votre entreprise !<\/strong><\/strong><\/strong><\/h1>\n\n\n\n<p class=\"has--font-size has-black-color has-text-color has-link-color has-text-align-justify wp-elements-230e87b0e823efb5de19f2a362f95a3c wp-block-paragraph\" style=\"margin-right:0;margin-left:0;padding-right:0;padding-left:0;font-size:16px\">S\u00e9lectionnez l\u2019offre qui correspond le mieux \u00e0 vos besoins en mati\u00e8re de facturation \u00e9lectronique et d\u2019\u00e9change de documents \u00e9lectroniques. Nos mod\u00e8les tarifaires flexibles sont con\u00e7us pour soutenir les entreprises de toutes tailles et avec des besoins vari\u00e9s.<\/p>\n\n\n\n<p class=\"has-black-color has-text-color has-link-color has-text-align-justify wp-elements-bd9742e555ef3438b08928f2e55fa15c wp-block-paragraph\" style=\"margin-top:0;margin-right:0;margin-bottom:0;margin-left:0;padding-top:0;padding-right:0;padding-bottom:var(--wp--preset--spacing--50);padding-left:0;font-size:16px\"><strong><strong>Le forfait gratuit comprend 5 e-factures gratuites chaque mois.<\/strong><\/strong><\/p>\n\n\n<style>.wp-block-kadence-advancedbtn.kb-btns744_ba8ed3-44{gap:var(--global-kb-gap-xs, 0.5rem );justify-content:center;align-items:center;}.kt-btns744_ba8ed3-44 .kt-button{font-weight:normal;font-style:normal;}@media all and (max-width: 1024px){.wp-block-kadence-advancedbtn.kb-btns744_ba8ed3-44{justify-content:flex-start;}}@media all and (max-width: 767px){.wp-block-kadence-advancedbtn.kb-btns744_ba8ed3-44{justify-content:center;}}<\/style>\n<div class=\"wp-block-kadence-advancedbtn kb-buttons-wrap kb-btns744_ba8ed3-44\"><style>ul.menu .wp-block-kadence-advancedbtn .kb-btn744_8b5137-b3.kb-button{width:initial;}.wp-block-kadence-advancedbtn .kb-btn744_8b5137-b3.kb-button{background:#025951;}.wp-block-kadence-advancedbtn .kb-btn744_8b5137-b3.kb-button:hover, .wp-block-kadence-advancedbtn .kb-btn744_8b5137-b3.kb-button:focus{color:#025951;background:var(--ast-global-color-5);border-top:2px solid #025951;border-right:2px solid #025951;border-bottom:2px solid #025951;border-left:2px solid #025951;}@media all and (max-width: 1024px){.wp-block-kadence-advancedbtn .kb-btn744_8b5137-b3.kb-button:hover, .wp-block-kadence-advancedbtn .kb-btn744_8b5137-b3.kb-button:focus{border-top:2px solid #025951;border-right:2px solid #025951;border-bottom:2px solid #025951;border-left:2px solid #025951;}}@media all and (max-width: 767px){.wp-block-kadence-advancedbtn .kb-btn744_8b5137-b3.kb-button:hover, .wp-block-kadence-advancedbtn .kb-btn744_8b5137-b3.kb-button:focus{border-top:2px solid #025951;border-right:2px solid #025951;border-bottom:2px solid #025951;border-left:2px solid #025951;}}<\/style><a class=\"kb-button kt-button button kb-btn744_8b5137-b3 kt-btn-size-standard kt-btn-width-type-auto kb-btn-global-inherit  kt-btn-has-text-true kt-btn-has-svg-false  wp-block-button__link wp-block-kadence-singlebtn\" href=\"https:\/\/app.efacturezen.fr\/register\" target=\"_blank\" rel=\"noreferrer noopener\"><span class=\"kt-btn-inner-text\"><strong>Commencez votre essai gratuit<\/strong><\/span><\/a><\/div>\n<\/div><\/div>\n\n<\/div><\/div>\n\n\n<iframe src=\"https:\/\/7a6e21cd-a062-4a53-9fc1-5d36dd0ac39f.vercel.app\/\" class=\"responsive-iframe\" width=\"100%\" height=\"2250px\" style=\"border:none; overflow:hidden; padding-top:20px;\" allowfullscreen=\"\" loading=\"lazy\">\n<\/iframe>\n\n\n\n<script>\n(function () {\n  \/\/ Dil se\u00e7imi: ?lang=fr ise \u00e7evir\n  var lang = new URLSearchParams(location.search).get(\"lang\");\n  if (lang !== \"fr\") return;\n\n  function norm(s) { return (s || \"\").replace(\/\\s+\/g, \" \").trim(); }\n\n  var dict = new Map([\n    [\"Free\", \"Gratuit\"],\n    [\"Basic\", \"Basique\"],\n    [\"Standard\", \"Standard\"],\n    [\"Premium\", \"Premium\"],\n    [\"Enterprise\", \"Entreprise\"],\n    [\"Contact Us\", \"Contactez-nous\"],\n    [\"Try Free\", \"Essayer gratuitement\"],\n    [\"Most Popular\", \"Le plus populaire\"],\n\n    [\"Invoice formats *\", \"Formats de facture *\"],\n    [\"Electronic archiving\", \"Archivage \u00e9lectronique\"],\n    [\"Electronic Archiving\", \"Archivage \u00e9lectronique\"],\n\n    [\"Sending Invoices (E-mail, PEPPOL) \/ Receiving invoices (PEPPOL)\", \"Envoi de factures (e-mail, PEPPOL) et r\u00e9ception (PEPPOL)\"],\n    [\"Sending \/ Receiving Invoices (E-mail, PEPPOL)\", \"Envoi et r\u00e9ception de factures (e-mail, PEPPOL)\"],\n\n    [\"E-mail Sending\", \"Envoi par e-mail\"],\n    [\"E-mail Address for Incoming Invoices\", \"Adresse e-mail pour la r\u00e9ception de factures\"],\n    [\"E-mail Receiving\", \"R\u00e9ception par e-mail\"],\n\n    [\"Two-Factor Authentication (2FA)\", \"Authentification \u00e0 deux facteurs (2FA)\"],\n    [\"Single Sign-On (SSO) Login **\", \"Connexion SSO **\"],\n\n    [\"Smart Dashboard & Insights\", \"Tableau de bord et analyses\"],\n    [\"Advanced Reporting & Analytics\", \"Rapports et analyses avanc\u00e9s\"],\n\n    [\"Expense Management\", \"Gestion des d\u00e9penses\"],\n    [\"AI Insights ***\", \"Analyses IA ***\"],\n    [\"Create Invoices with AI\", \"Cr\u00e9er des factures avec l\u2019IA\"],\n\n    [\"Invoice Templates, Reusable Drafts & Recurring Invoices\", \"Mod\u00e8les de facture, brouillons r\u00e9utilisables et factures r\u00e9currentes\"],\n    [\"Invoice Creation with Smart XML Reader\", \"Cr\u00e9ation de factures avec lecteur XML intelligent\"],\n    [\"Automated Invoice Creation from PDFs using OCR Technology\", \"Cr\u00e9ation automatique de factures depuis des PDF via OCR\"],\n    [\"Invoice Creation with Uploading Excel\", \"Cr\u00e9ation de factures via import Excel\"],\n\n    [\"Bank Accounts Integration *****\", \"Int\u00e9gration des comptes bancaires *****\"],\n    [\"Bank Acoounts Integration *****\", \"Int\u00e9gration des comptes bancaires *****\"],\n\n    [\"Bank Reconciliation\", \"Rapprochement bancaire\"],\n    [\"Third-Party App Integrations ****\", \"Int\u00e9grations d\u2019applications tierces ****\"],\n    [\"ERP Integrations (API \/ SFTP Management)\", \"Int\u00e9grations ERP (API \/ gestion SFTP)\"],\n\n    [\"Number of Companies \/ Sub-Companies\", \"Nombre d\u2019entreprises \/ sous-entreprises\"],\n    [\"Country-Specific Invoice Formats & Types\", \"Formats et types de factures par pays\"],\n    [\"Country-Specific Compliance Updates\", \"Mises \u00e0 jour de conformit\u00e9 par pays\"],\n\n    [\"Digital Signatures\", \"Signatures num\u00e9riques\"],\n    [\"PDF & XML View \/ Download \/ Send\", \"Afficher, t\u00e9l\u00e9charger et envoyer PDF et XML\"],\n    [\"Activity Log Monitoring\", \"Suivi du journal d\u2019activit\u00e9\"],\n    [\"Personalized E-mail Templates\", \"Mod\u00e8les d\u2019e-mail personnalis\u00e9s\"],\n\n    [\"Interface & E-mail Language Options\", \"Options de langue de l\u2019interface et des e-mails\"],\n    [\"Multi-language Support\", \"Support multilingue\"],\n\n    [\"Advanced Incoming & Outgoing Invoice Listing\", \"Liste avanc\u00e9e des factures entrantes et sortantes\"],\n    [\"Advanced Incoming & Outgoing Invoice Management\", \"Gestion avanc\u00e9e des factures entrantes et sortantes\"],\n\n    [\"Payment Tracking (Manual & Integrated)\", \"Suivi des paiements (manuel et int\u00e9gr\u00e9)\"],\n    [\"Smart Invoice Recognition from E-mail Attachments (XML \/ PDF)\", \"Reconnaissance intelligente depuis pi\u00e8ces jointes e-mail (XML \/ PDF)\"],\n    [\"AI Agent Supporting\", \"Assistance par agent IA\"],\n    [\"7\/24 Support\", \"Support 24\/7\"],\n    [\"EDI \/ SFTP Conversion\", \"Conversion EDI et SFTP\"],\n    [\"e-Transport\", \"e-Transport\"],\n    [\"e-Reporting\", \"e-Reporting\"],\n\n    [\"5 free invoices \/ month\", \"5 factures gratuites \/ mois\"],\n    [\"month\", \"mois\"]\n  ]);\n\n  var rules = [\n    { re: \/^Number of User\\s+(\\d+)$\/i, out: \"Nombre d\u2019utilisateurs $1\" },\n    { re: \/^Documents\\s+([\\d,]+)$\/i, out: \"Documents $1\" },\n    { re: \/^Partner Templates\\s+([\\d,]+)$\/i, out: \"Mod\u00e8les de partenaires $1\" },\n    { re: \/^E-mail Receiving\\s+([\\d,]+)$\/i, out: \"R\u00e9ception par e-mail $1\" },\n    { re: \/^E-mail Address for Incoming Invoices\\s+(\\d+)$\/i, out: \"Adresse e-mail pour la r\u00e9ception de factures $1\" },\n    { re: \/^Expense Management\\s+(\\d+)$\/i, out: \"Gestion des d\u00e9penses $1\" },\n    { re: \/^Number of Companies\\s*\\\/\\s*Sub-Companies\\s+(\\d+)$\/i, out: \"Nombre d\u2019entreprises \/ sous-entreprises $1\" }\n  ];\n\n  function translateText(t) {\n    t = norm(t);\n    if (!t) return null;\n\n    if (dict.has(t)) return dict.get(t);\n\n    for (var i = 0; i < rules.length; i++) {\n      var m = t.match(rules[i].re);\n      if (m) return rules[i].out.replace(\"$1\", m[1]);\n    }\n\n    \/\/ \" \/ month\" par\u00e7alar\u0131n\u0131 yakala\n    if (\/\\bmonth\\b\/i.test(t)) return t.replace(\/\\bmonth\\b\/gi, \"mois\");\n\n    return null;\n  }\n\n  function translate(root) {\n    if (!root) return;\n\n    \/\/ Sadece metin alanlar\u0131: say\u0131y\u0131\/para yap\u0131s\u0131n\u0131 bozmayal\u0131m diye \"price-value\" gibi alanlara dokunmuyoruz\n    var targets = root.querySelectorAll([\n      \".eapps-pricing-table-column-title-text\",\n      \".eapps-pricing-table-column-button\",\n      \".eapps-pricing-table-column-price-fix-postfix-value\",\n      \".eapps-pricing-table-column-features-item-text\",\n      \".eapps-pricing-table-column-price-fix\"\n    ].join(\",\"));\n\n    targets.forEach(function(el){\n      var current = norm(el.textContent);\n      var next = translateText(current);\n      if (next &#038;&#038; next !== current) el.textContent = next;\n    });\n\n    \/\/ Ribbon vb. tek text-node olan yerlere de uygula\n    root.querySelectorAll(\"*\").forEach(function(el){\n      if (!el.childNodes || el.childNodes.length !== 1) return;\n      if (el.childNodes[0].nodeType !== 3) return;\n      var t = norm(el.textContent);\n      var next = translateText(t);\n      if (next &#038;&#038; next !== t) el.textContent = next;\n    });\n  }\n\n  function start() {\n    var root = document.querySelector(\"#eapps-pricing-table-1\") || document.body;\n    \/\/ Elfsight bazen id\u2019yi farkl\u0131 olu\u015fturabiliyor; body \u00fczerinden de \u00e7al\u0131\u015fs\u0131n\n    translate(root);\n\n    var obs = new MutationObserver(function(){ translate(root); });\n    obs.observe(root, { subtree:true, childList:true, characterData:true });\n\n    return true;\n  }\n\n  var tries = 0;\n  var tmr = setInterval(function(){\n    tries++;\n    \/\/ Elfsight ge\u00e7 y\u00fckleniyor\n    if (document.querySelector(\".eapps-pricing-table\") || tries > 120) {\n      clearInterval(tmr);\n      start();\n    }\n  }, 250);\n})();\n<\/script>\n","protected":false},"excerpt":{"rendered":"<p>Choisissez la formule adapt\u00e9e \u00e0 votre entreprise ! S\u00e9lectionnez l\u2019offre qui correspond le mieux \u00e0 vos besoins en mati\u00e8re de [&hellip;]<\/p>\n","protected":false},"author":263848013,"featured_media":0,"parent":0,"menu_order":0,"comment_status":"closed","ping_status":"closed","template":"","meta":{"_crdt_document":"","_uag_custom_page_level_css":"","site-sidebar-layout":"default","site-content-layout":"","ast-site-content-layout":"","site-content-style":"default","site-sidebar-style":"default","ast-global-header-display":"","ast-banner-title-visibility":"","ast-main-header-display":"","ast-hfb-above-header-display":"","ast-hfb-below-header-display":"","ast-hfb-mobile-header-display":"","site-post-title":"disabled","ast-breadcrumbs-content":"","ast-featured-img":"","footer-sml-layout":"","theme-transparent-header-meta":"","adv-header-id-meta":"","stick-header-meta":"","header-above-stick-meta":"","header-main-stick-meta":"","header-below-stick-meta":"","astra-migrate-meta-layouts":"default","ast-page-background-enabled":"default","ast-page-background-meta":{"desktop":{"background-color":"var(--ast-global-color-5)","background-image":"","background-repeat":"repeat","background-position":"center center","background-size":"auto","background-attachment":"scroll","background-type":"","background-media":"","overlay-type":"","overlay-color":"","overlay-opacity":"","overlay-gradient":""},"tablet":{"background-color":"","background-image":"","background-repeat":"repeat","background-position":"center center","background-size":"auto","background-attachment":"scroll","background-type":"","background-media":"","overlay-type":"","overlay-color":"","overlay-opacity":"","overlay-gradient":""},"mobile":{"background-color":"","background-image":"","background-repeat":"repeat","background-position":"center center","background-size":"auto","background-attachment":"scroll","background-type":"","background-media":"","overlay-type":"","overlay-color":"","overlay-opacity":"","overlay-gradient":""}},"ast-content-background-meta":{"desktop":{"background-color":"var(--ast-global-color-4)","background-image":"","background-repeat":"repeat","background-position":"center center","background-size":"auto","background-attachment":"scroll","background-type":"","background-media":"","overlay-type":"","overlay-color":"","overlay-opacity":"","overlay-gradient":""},"tablet":{"background-color":"var(--ast-global-color-4)","background-image":"","background-repeat":"repeat","background-position":"center center","background-size":"auto","background-attachment":"scroll","background-type":"","background-media":"","overlay-type":"","overlay-color":"","overlay-opacity":"","overlay-gradient":""},"mobile":{"background-color":"var(--ast-global-color-4)","background-image":"","background-repeat":"repeat","background-position":"center center","background-size":"auto","background-attachment":"scroll","background-type":"","background-media":"","overlay-type":"","overlay-color":"","overlay-opacity":"","overlay-gradient":""}},"jetpack_post_was_ever_published":false,"footnotes":""},"class_list":["post-744","page","type-page","status-publish","hentry"],"uagb_featured_image_src":{"full":false,"thumbnail":false,"medium":false,"medium_large":false,"large":false,"1536x1536":false,"2048x2048":false,"trp-custom-language-flag":false,"newspack-article-block-landscape-large":false,"newspack-article-block-portrait-large":false,"newspack-article-block-square-large":false,"newspack-article-block-landscape-medium":false,"newspack-article-block-portrait-medium":false,"newspack-article-block-square-medium":false,"newspack-article-block-landscape-intermediate":false,"newspack-article-block-portrait-intermediate":false,"newspack-article-block-square-intermediate":false,"newspack-article-block-landscape-small":false,"newspack-article-block-portrait-small":false,"newspack-article-block-square-small":false,"newspack-article-block-landscape-tiny":false,"newspack-article-block-portrait-tiny":false,"newspack-article-block-square-tiny":false,"newspack-article-block-uncropped":false},"uagb_author_info":{"display_name":"einvoicegermany.com","author_link":"https:\/\/efacturezen.fr\/en\/author\/infoac085428475\/"},"uagb_comment_info":0,"uagb_excerpt":"Choisissez la formule adapt\u00e9e \u00e0 votre entreprise ! S\u00e9lectionnez l\u2019offre qui correspond le mieux \u00e0 vos besoins en mati\u00e8re de [&hellip;]","jetpack_likes_enabled":true,"jetpack_sharing_enabled":true,"jetpack_shortlink":"https:\/\/wp.me\/PgVV8t-c0","jetpack-related-posts":[],"_links":{"self":[{"href":"https:\/\/efacturezen.fr\/en\/wp-json\/wp\/v2\/pages\/744","targetHints":{"allow":["GET"]}}],"collection":[{"href":"https:\/\/efacturezen.fr\/en\/wp-json\/wp\/v2\/pages"}],"about":[{"href":"https:\/\/efacturezen.fr\/en\/wp-json\/wp\/v2\/types\/page"}],"author":[{"embeddable":true,"href":"https:\/\/efacturezen.fr\/en\/wp-json\/wp\/v2\/users\/263848013"}],"replies":[{"embeddable":true,"href":"https:\/\/efacturezen.fr\/en\/wp-json\/wp\/v2\/comments?post=744"}],"version-history":[{"count":12,"href":"https:\/\/efacturezen.fr\/en\/wp-json\/wp\/v2\/pages\/744\/revisions"}],"predecessor-version":[{"id":4607,"href":"https:\/\/efacturezen.fr\/en\/wp-json\/wp\/v2\/pages\/744\/revisions\/4607"}],"wp:attachment":[{"href":"https:\/\/efacturezen.fr\/en\/wp-json\/wp\/v2\/media?parent=744"}],"curies":[{"name":"wp","href":"https:\/\/api.w.org\/{rel}","templated":true}]}}